{"id":9,"date":"2023-01-21T13:09:46","date_gmt":"2023-01-21T13:09:46","guid":{"rendered":"https:\/\/mahann-consulting.com\/?page_id=9"},"modified":"2023-01-22T13:31:08","modified_gmt":"2023-01-22T13:31:08","slug":"about","status":"publish","type":"page","link":"https:\/\/mahann-consulting.com\/index.php\/about\/","title":{"rendered":"A propos"},"content":{"rendered":"\n<p>Riche de pr\u00e8s de 25 ans d&rsquo;exp\u00e9rience en informatique, mon \u00e9quipe et moi serons ravis de vous accompagner et vous conseiller dans vos projets informatiques.<\/p>\n\n\n\n<p>Nos notre \u00e9quipe est compos\u00e9e des trois personnes, mais selon le besoin nous faisons appel \u00e0 des intervenants ind\u00e9pendants.<\/p>\n","protected":false},"excerpt":{"rendered":"<p>Riche de pr\u00e8s de 25 ans d&rsquo;exp\u00e9rience en informatique, mon \u00e9quipe et moi serons ravis de vous accompagner et vous conseiller dans vos projets informatiques. Nos notre \u00e9quipe est compos\u00e9e des trois personnes, mais selon le besoin nous faisons appel \u00e0 des intervenants ind\u00e9pendants.<\/p>\n","protected":false},"author":1,"featured_media":0,"parent":0,"menu_order":0,"comment_status":"closed","ping_status":"closed","template":"","meta":{"om_disable_all_campaigns":false,"_monsterinsights_skip_tracking":false,"_monsterinsights_sitenote_active":false,"_monsterinsights_sitenote_note":"","_monsterinsights_sitenote_category":0,"_kadence_starter_templates_imported_post":false,"footnotes":""},"class_list":["post-9","page","type-page","status-publish","hentry"],"aioseo_notices":[],"_links":{"self":[{"href":"https:\/\/mahann-consulting.com\/index.php\/wp-json\/wp\/v2\/pages\/9","targetHints":{"allow":["GET"]}}],"collection":[{"href":"https:\/\/mahann-consulting.com\/index.php\/wp-json\/wp\/v2\/pages"}],"about":[{"href":"https:\/\/mahann-consulting.com\/index.php\/wp-json\/wp\/v2\/types\/page"}],"author":[{"embeddable":true,"href":"https:\/\/mahann-consulting.com\/index.php\/wp-json\/wp\/v2\/users\/1"}],"replies":[{"embeddable":true,"href":"https:\/\/mahann-consulting.com\/index.php\/wp-json\/wp\/v2\/comments?post=9"}],"version-history":[{"count":4,"href":"https:\/\/mahann-consulting.com\/index.php\/wp-json\/wp\/v2\/pages\/9\/revisions"}],"predecessor-version":[{"id":84,"href":"https:\/\/mahann-consulting.com\/index.php\/wp-json\/wp\/v2\/pages\/9\/revisions\/84"}],"wp:attachment":[{"href":"https:\/\/mahann-consulting.com\/index.php\/wp-json\/wp\/v2\/media?parent=9"}],"curies":[{"name":"wp","href":"https:\/\/api.w.org\/{rel}","templated":true}]}}